{"id":3767,"date":"2025-06-02T17:57:22","date_gmt":"2025-06-02T17:57:22","guid":{"rendered":"https:\/\/casavivaproyectos.com\/?page_id=3767"},"modified":"2025-06-02T18:18:16","modified_gmt":"2025-06-02T18:18:16","slug":"casas-modulares-de-casaviva-proyectos","status":"publish","type":"page","link":"https:\/\/casavivaproyectos.com\/en\/casas-modulares-de-casaviva-proyectos\/","title":{"rendered":"Casas Modulares de CasaViva Proyectos"},"content":{"rendered":"<div class=\"wpb-content-wrapper\"><div class=\"vc_row wpb_row vc_row-fluid\"><div class=\"wpb_column vc_column_container vc_col-sm-12\"><div class=\"vc_column-inner\"><div class=\"wpb_wrapper\"><h2 style=\"font-size: 33px;color: #7D9777;text-align: center\" class=\"vc_custom_heading text-center\" >\u00bfTu nueva casa en solo 190 d\u00edas?<\/h2>\n\t<div class=\"wpb_text_column wpb_content_element\" >\n\t\t<div class=\"wpb_wrapper\">\n\t\t\t<p style=\"font-size: 20px; font-weight: 300; text-align: center;\">Descubre c\u00f3mo en CasaViva dise\u00f1amos y construimos hogares sostenibles, modernos y eficientes.<br \/>\nR\u00e1pido, seguro y sin sorpresas.<\/p>\n\n\t\t<\/div>\n\t<\/div>\n<div class=\"vc_empty_space\"   style=\"height: 32px\"><span class=\"vc_empty_space_inner\"><\/span><\/div><\/div><\/div><\/div><\/div><div class=\"vc_row wpb_row vc_row-fluid\"><div class=\"wpb_column vc_column_container vc_col-sm-4\"><div class=\"vc_column-inner\"><div class=\"wpb_wrapper\"><div class=\"sober-icon-box icon-type-fontawesome icon-style-normal\">\n\t\t\t\t<div class=\"box-icon\"><i class=\"fa fa-solid fa-stopwatch\"><\/i><\/div>\n\t\t\t\t<h3 class=\"box-title\">Speed without Compromise<\/h3>\n\t\t\t\t<div class=\"box-content\">Tu casa lista en 190 d\u00edas<\/div>\n\t\t\t<\/div><\/div><\/div><\/div><div class=\"wpb_column vc_column_container vc_col-sm-4\"><div class=\"vc_column-inner\"><div class=\"wpb_wrapper\"><div class=\"sober-icon-box icon-type-fontawesome icon-style-normal\">\n\t\t\t\t<div class=\"box-icon\"><i class=\"fa fa-solid fa-house-chimney-medical\"><\/i><\/div>\n\t\t\t\t<h3 class=\"box-title\">Eficiencia Energ\u00e9tica<\/h3>\n\t\t\t\t<div class=\"box-content\">Materiales ecol\u00f3gicos y ahorro energ\u00e9tico<\/div>\n\t\t\t<\/div><\/div><\/div><\/div><div class=\"wpb_column vc_column_container vc_col-sm-4\"><div class=\"vc_column-inner\"><div class=\"wpb_wrapper\"><div class=\"sober-icon-box icon-type-fontawesome icon-style-normal\">\n\t\t\t\t<div class=\"box-icon\"><i class=\"fa fa-solid fa-house-user\"><\/i><\/div>\n\t\t\t\t<h3 class=\"box-title\">100% a medida<\/h3>\n\t\t\t\t<div class=\"box-content\">Dise\u00f1o 100% personalizado<\/div>\n\t\t\t<\/div><\/div><\/div><\/div><\/div><div class=\"vc_row wpb_row vc_row-fluid\"><div class=\"wpb_column vc_column_container vc_col-sm-12\"><div class=\"vc_column-inner\"><div class=\"wpb_wrapper\"><div class=\"vc_empty_space\"   style=\"height: 32px\"><span class=\"vc_empty_space_inner\"><\/span><\/div><\/div><\/div><\/div><\/div><div class=\"vc_row wpb_row vc_row-fluid\"><div class=\"wpb_column vc_column_container vc_col-sm-12 vc_hidden-sm vc_hidden-xs\"><div class=\"vc_column-inner\"><div class=\"wpb_wrapper\"><div class=\"wpb_gallery wpb_content_element vc_clearfix wpb_content_element\" ><div class=\"wpb_wrapper\"><div class=\"wpb_gallery_slides wpb_flexslider flexslider_fade flexslider\" data-interval=\"5\" data-flex_fx=\"fade\"><ul class=\"slides\"><li><a class=\"\" href=\"https:\/\/casavivaproyectos.com\/wp-content\/uploads\/2025\/05\/proyecto-105-muchamiel-nubes.jpg\" data-lightbox=\"lightbox[rel-3767-488123468]\"><img loading=\"lazy\" decoding=\"async\" width=\"1024\" height=\"530\" src=\"https:\/\/casavivaproyectos.com\/wp-content\/uploads\/2025\/05\/proyecto-105-muchamiel-nubes.jpg\" class=\"attachment-full\" alt=\"\" title=\"proyecto-105-muchamiel-nubes\" srcset=\"https:\/\/casavivaproyectos.com\/wp-content\/uploads\/2025\/05\/proyecto-105-muchamiel-nubes.jpg 1024w, https:\/\/casavivaproyectos.com\/wp-content\/uploads\/2025\/05\/proyecto-105-muchamiel-nubes-773x400.jpg 773w, https:\/\/casavivaproyectos.com\/wp-content\/uploads\/2025\/05\/proyecto-105-muchamiel-nubes-768x398.jpg 768w, https:\/\/casavivaproyectos.com\/wp-content\/uploads\/2025\/05\/proyecto-105-muchamiel-nubes-565x292.jpg 565w, https:\/\/casavivaproyectos.com\/wp-content\/uploads\/2025\/05\/proyecto-105-muchamiel-nubes-510x264.jpg 510w\" sizes=\"auto, (max-width: 1024px) 100vw, 1024px\" \/><\/a><\/li><li><a class=\"\" href=\"https:\/\/casavivaproyectos.com\/wp-content\/uploads\/2025\/05\/proyecto-140.jpg\" data-lightbox=\"lightbox[rel-3767-488123468]\"><img loading=\"lazy\" decoding=\"async\" width=\"1024\" height=\"530\" src=\"https:\/\/casavivaproyectos.com\/wp-content\/uploads\/2025\/05\/proyecto-140.jpg\" class=\"attachment-full\" alt=\"\" title=\"proyecto-140\" srcset=\"https:\/\/casavivaproyectos.com\/wp-content\/uploads\/2025\/05\/proyecto-140.jpg 1024w, https:\/\/casavivaproyectos.com\/wp-content\/uploads\/2025\/05\/proyecto-140-773x400.jpg 773w, https:\/\/casavivaproyectos.com\/wp-content\/uploads\/2025\/05\/proyecto-140-768x398.jpg 768w, https:\/\/casavivaproyectos.com\/wp-content\/uploads\/2025\/05\/proyecto-140-565x292.jpg 565w, https:\/\/casavivaproyectos.com\/wp-content\/uploads\/2025\/05\/proyecto-140-510x264.jpg 510w\" sizes=\"auto, (max-width: 1024px) 100vw, 1024px\" \/><\/a><\/li><li><a class=\"\" href=\"https:\/\/casavivaproyectos.com\/wp-content\/uploads\/2025\/05\/proyecto-denia.jpg\" data-lightbox=\"lightbox[rel-3767-488123468]\"><img loading=\"lazy\" decoding=\"async\" width=\"1024\" height=\"530\" src=\"https:\/\/casavivaproyectos.com\/wp-content\/uploads\/2025\/05\/proyecto-denia.jpg\" class=\"attachment-full\" alt=\"\" title=\"proyecto-denia\" srcset=\"https:\/\/casavivaproyectos.com\/wp-content\/uploads\/2025\/05\/proyecto-denia.jpg 1024w, https:\/\/casavivaproyectos.com\/wp-content\/uploads\/2025\/05\/proyecto-denia-773x400.jpg 773w, https:\/\/casavivaproyectos.com\/wp-content\/uploads\/2025\/05\/proyecto-denia-768x398.jpg 768w, https:\/\/casavivaproyectos.com\/wp-content\/uploads\/2025\/05\/proyecto-denia-565x292.jpg 565w, https:\/\/casavivaproyectos.com\/wp-content\/uploads\/2025\/05\/proyecto-denia-510x264.jpg 510w\" sizes=\"auto, (max-width: 1024px) 100vw, 1024px\" \/><\/a><\/li><li><a class=\"\" href=\"https:\/\/casavivaproyectos.com\/wp-content\/uploads\/2025\/05\/proyecto-tenerife.jpg\" data-lightbox=\"lightbox[rel-3767-488123468]\"><img loading=\"lazy\" decoding=\"async\" width=\"1024\" height=\"530\" src=\"https:\/\/casavivaproyectos.com\/wp-content\/uploads\/2025\/05\/proyecto-tenerife.jpg\" class=\"attachment-full\" alt=\"\" title=\"proyecto-tenerife\" srcset=\"https:\/\/casavivaproyectos.com\/wp-content\/uploads\/2025\/05\/proyecto-tenerife.jpg 1024w, https:\/\/casavivaproyectos.com\/wp-content\/uploads\/2025\/05\/proyecto-tenerife-773x400.jpg 773w, https:\/\/casavivaproyectos.com\/wp-content\/uploads\/2025\/05\/proyecto-tenerife-768x398.jpg 768w, https:\/\/casavivaproyectos.com\/wp-content\/uploads\/2025\/05\/proyecto-tenerife-565x292.jpg 565w, https:\/\/casavivaproyectos.com\/wp-content\/uploads\/2025\/05\/proyecto-tenerife-510x264.jpg 510w\" sizes=\"auto, (max-width: 1024px) 100vw, 1024px\" \/><\/a><\/li><\/ul><\/div><\/div><\/div><div class=\"vc_empty_space\"   style=\"height: 32px\"><span class=\"vc_empty_space_inner\"><\/span><\/div><div class=\"vc_btn3-container vc_btn3-center vc_do_btn\" ><a class=\"vc_general vc_btn3 vc_btn3-size-lg vc_btn3-shape-rounded vc_btn3-style-modern vc_btn3-color-chino\" href=\"https:\/\/casavivaproyectos.com\/en\/proyectos\/\" title=\"Our Projects\">Ver m\u00e1s proyectos de CasaViva<\/a><\/div><\/div><\/div><\/div><\/div><div class=\"vc_row wpb_row vc_row-fluid\"><div class=\"wpb_column vc_column_container vc_col-sm-12 vc_hidden-lg vc_hidden-md\"><div class=\"vc_column-inner\"><div class=\"wpb_wrapper\">\n\t\t\t\t<p class=\"rs-p-wp-fix\"><\/p>\n\t\t\t\t<sr7-module data-alias=\"slider-2\" data-id=\"6\" id=\"SR7_6_1\" class=\"rs-ov-hidden\" data-version=\"6.7.30\">\n\t\t\t\t\t<sr7-adjuster><\/sr7-adjuster>\n\t\t\t\t\t<sr7-content>\n\t\t\t\t\t\t<sr7-slide id=\"SR7_6_1-24\" data-key=\"24\">\n\t\t\t\t\t\t\t<sr7-bg id=\"SR7_6_1-24-1\" class=\"sr7-layer\"><noscript><img decoding=\"async\" src=\"https:\/\/casavivaproyectos.com\/wp-content\/uploads\/2025\/05\/proyecto-tenerife.jpg\" alt=\"\" title=\"proyecto-tenerife\"><\/noscript><\/sr7-bg>\n\t\t\t\t\t\t<\/sr7-slide>\n\t\t\t\t\t\t<sr7-slide id=\"SR7_6_1-25\" data-key=\"25\">\n\t\t\t\t\t\t\t<sr7-bg id=\"SR7_6_1-25-1\" class=\"sr7-layer\"><noscript><img decoding=\"async\" src=\"https:\/\/casavivaproyectos.com\/wp-content\/uploads\/2025\/05\/proyecto-105-muchamiel-nubes.jpg\" alt=\"\" title=\"proyecto-105-muchamiel-nubes\"><\/noscript><\/sr7-bg>\n\t\t\t\t\t\t<\/sr7-slide>\n\t\t\t\t\t\t<sr7-slide id=\"SR7_6_1-27\" data-key=\"27\">\n\t\t\t\t\t\t\t<sr7-bg id=\"SR7_6_1-27-1\" class=\"sr7-layer\"><noscript><img decoding=\"async\" src=\"https:\/\/casavivaproyectos.com\/wp-content\/uploads\/2025\/05\/proyecto-denia.jpg\" alt=\"\" title=\"proyecto-denia\"><\/noscript><\/sr7-bg>\n\t\t\t\t\t\t<\/sr7-slide>\n\t\t\t\t\t\t<sr7-slide id=\"SR7_6_1-28\" data-key=\"28\">\n\t\t\t\t\t\t\t<sr7-bg id=\"SR7_6_1-28-1\" class=\"sr7-layer\"><noscript><img decoding=\"async\" src=\"https:\/\/casavivaproyectos.com\/wp-content\/uploads\/2025\/05\/proyecto-140.jpg\" alt=\"\" title=\"proyecto-140\"><\/noscript><\/sr7-bg>\n\t\t\t\t\t\t<\/sr7-slide>\n\t\t\t\t\t\t<sr7-slide id=\"SR7_6_1-26\" data-key=\"26\">\n\t\t\t\t\t\t<\/sr7-slide>\n\t\t\t\t\t<\/sr7-content>\n\t\t\t\t\t<image_lists style=\"display:none\">\n\t\t\t\t\t\t<img data-src=\"\/\/casavivaproyectos.com\/wp-content\/uploads\/2025\/05\/proyecto-tenerife.jpg\" data-libid=\"3660\" data-lib=\"medialibrary\" title=\"proyecto-tenerife\" width=\"0\" height=\"0\" data-dbsrc=\"Ly9jYXNhdml2YXByb3llY3Rvcy5jb20vd3AtY29udGVudC91cGxvYWRzLzIwMjUvMDUvcHJveWVjdG8tdGVuZXJpZmUuanBn\"\/>\n\t\t\t\t\t\t<img data-src=\"\/\/casavivaproyectos.com\/wp-content\/uploads\/2025\/05\/proyecto-105-muchamiel-nubes.jpg\" data-libid=\"3657\" data-lib=\"medialibrary\" title=\"proyecto-105-muchamiel-nubes\" width=\"0\" height=\"0\" data-dbsrc=\"Ly9jYXNhdml2YXByb3llY3Rvcy5jb20vd3AtY29udGVudC91cGxvYWRzLzIwMjUvMDUvcHJveWVjdG8tMTA1LW11Y2hhbWllbC1udWJlcy5qcGc=\"\/>\n\t\t\t\t\t\t<img data-src=\"\/\/casavivaproyectos.com\/wp-content\/uploads\/2025\/05\/proyecto-denia.jpg\" data-libid=\"3659\" data-lib=\"medialibrary\" title=\"proyecto-denia\" width=\"0\" height=\"0\" data-dbsrc=\"Ly9jYXNhdml2YXByb3llY3Rvcy5jb20vd3AtY29udGVudC91cGxvYWRzLzIwMjUvMDUvcHJveWVjdG8tZGVuaWEuanBn\"\/>\n\t\t\t\t\t\t<img data-src=\"\/\/casavivaproyectos.com\/wp-content\/uploads\/2025\/05\/proyecto-140.jpg\" data-libid=\"3658\" data-lib=\"medialibrary\" title=\"proyecto-140\" width=\"0\" height=\"0\" data-dbsrc=\"Ly9jYXNhdml2YXByb3llY3Rvcy5jb20vd3AtY29udGVudC91cGxvYWRzLzIwMjUvMDUvcHJveWVjdG8tMTQwLmpwZw==\"\/>\n\t\t\t\t\t<\/image_lists>\n\t\t\t\t<\/sr7-module>\n\t\t\t\t<script>\n\t\t\t\t\tSR7.PMH ??={}; SR7.PMH[\"SR7_6_1\"] = {cn:100,state:false,fn: function() { if (_tpt!==undefined && _tpt.prepareModuleHeight !== undefined) {  _tpt.prepareModuleHeight({id:\"SR7_6_1\",el:[900,900,768,960,720],type:'standard',shdw:'0',gh:[900,900,743,565,349],gw:[1240,1240,1024,778,480],vpt:['-100px'],size:{fullWidth:false, fullHeight:false},mh:'0',onh:0,onw:0,bg:{color:'{\"orig\":\"transparent\",\"type\":\"solid\",\"string\":\"transparent\"}'}});   SR7.PMH[\"SR7_6_1\"].state=true;} else if(SR7.PMH[\"SR7_6_1\"].cn-->0)\tsetTimeout( SR7.PMH[\"SR7_6_1\"].fn,19);}};SR7.PMH[\"SR7_6_1\" ].fn();\n\t\t\t\t<\/script>\n<div class=\"vc_empty_space\"   style=\"height: 32px\"><span class=\"vc_empty_space_inner\"><\/span><\/div><div class=\"vc_btn3-container vc_btn3-center vc_do_btn\" ><a class=\"vc_general vc_btn3 vc_btn3-size-lg vc_btn3-shape-rounded vc_btn3-style-modern vc_btn3-color-chino\" href=\"https:\/\/casavivaproyectos.com\/en\/proyectos\/\" title=\"Our Projects\">Ver m\u00e1s proyectos de CasaViva<\/a><\/div><\/div><\/div><\/div><\/div><div class=\"vc_row wpb_row vc_row-fluid\"><div class=\"wpb_column vc_column_container vc_col-sm-12\"><div class=\"vc_column-inner\"><div class=\"wpb_wrapper\"><div class=\"vc_empty_space\"   style=\"height: 32px\"><span class=\"vc_empty_space_inner\"><\/span><\/div><h2 style=\"font-size: 33px;color: #7D9777;text-align: center\" class=\"vc_custom_heading text-center\" >\u00bfQuieres saber cu\u00e1nto costar\u00eda tu casa ideal?<\/h2>\n\t<div class=\"wpb_text_column wpb_content_element\" >\n\t\t<div class=\"wpb_wrapper\">\n\t\t\t<p style=\"font-size: 20px; font-weight: 300; text-align: center;\">Rellena el formulario y te enviaremos una propuesta personalizada sin compromiso.<\/p>\n\n\t\t<\/div>\n\t<\/div>\n<div class=\"vc_empty_space\"   style=\"height: 32px\"><span class=\"vc_empty_space_inner\"><\/span><\/div><\/div><\/div><\/div><\/div><div class=\"vc_row wpb_row vc_row-fluid\"><div class=\"wpb_column vc_column_container vc_col-sm-4\"><div class=\"vc_column-inner\"><div class=\"wpb_wrapper\"><\/div><\/div><\/div><div class=\"wpb_column vc_column_container vc_col-sm-4\"><div class=\"vc_column-inner\"><div class=\"wpb_wrapper\">\n<div class=\"wpcf7 no-js\" id=\"wpcf7-f337-o1\" lang=\"en-US\" dir=\"ltr\" data-wpcf7-id=\"337\">\n<div class=\"screen-reader-response\"><p role=\"status\" aria-live=\"polite\" aria-atomic=\"true\"><\/p> <ul><\/ul><\/div>\n<form action=\"\/en\/wp-json\/wp\/v2\/pages\/3767#wpcf7-f337-o1\" method=\"post\" class=\"wpcf7-form init\" aria-label=\"Contact form\" novalidate=\"novalidate\" data-status=\"init\" data-trp-original-action=\"\/en\/wp-json\/wp\/v2\/pages\/3767#wpcf7-f337-o1\">\n<fieldset class=\"hidden-fields-container\"><input type=\"hidden\" name=\"_wpcf7\" value=\"337\" \/><input type=\"hidden\" name=\"_wpcf7_version\" value=\"6.1.4\" \/><input type=\"hidden\" name=\"_wpcf7_locale\" value=\"en_US\" \/><input type=\"hidden\" name=\"_wpcf7_unit_tag\" value=\"wpcf7-f337-o1\" \/><input type=\"hidden\" name=\"_wpcf7_container_post\" value=\"0\" \/><input type=\"hidden\" name=\"_wpcf7_posted_data_hash\" value=\"\" \/>\n<\/fieldset>\n<p><span class=\"wpcf7-form-control-wrap\" data-name=\"your-name\"><input size=\"40\" maxlength=\"400\" class=\"wpcf7-form-control wpcf7-text wpcf7-validates-as-required\" aria-required=\"true\" aria-invalid=\"false\" placeholder=\"Nombre*\" value=\"\" type=\"text\" name=\"your-name\" \/><\/span>\n<\/p>\n<p><span class=\"wpcf7-form-control-wrap\" data-name=\"your-email\"><input size=\"40\" maxlength=\"400\" class=\"wpcf7-form-control wpcf7-email wpcf7-validates-as-required wpcf7-text wpcf7-validates-as-email\" aria-required=\"true\" aria-invalid=\"false\" placeholder=\"Email*\" value=\"\" type=\"email\" name=\"your-email\" \/><\/span>\n<\/p>\n<p><span class=\"wpcf7-form-control-wrap\" data-name=\"tel-974\"><input size=\"40\" maxlength=\"400\" class=\"wpcf7-form-control wpcf7-tel wpcf7-validates-as-required wpcf7-text wpcf7-validates-as-tel\" autocomplete=\"tel\" aria-required=\"true\" aria-invalid=\"false\" placeholder=\"Tel\u00e9fono*\" value=\"\" type=\"tel\" name=\"tel-974\" \/><\/span>\n<\/p>\n<p><span class=\"wpcf7-form-control-wrap\" data-name=\"your-subject\"><input size=\"40\" maxlength=\"400\" class=\"wpcf7-form-control wpcf7-text\" aria-invalid=\"false\" placeholder=\"Subject\" value=\"\" type=\"text\" name=\"your-subject\" \/><\/span>\n<\/p>\n<p>Do you have a plot to build your home?<span class=\"wpcf7-form-control-wrap\" data-name=\"radio-117\"><span class=\"wpcf7-form-control wpcf7-radio\"><span class=\"wpcf7-list-item first\"><label><input type=\"radio\" name=\"radio-117\" value=\"S\u00cd\" \/><span class=\"wpcf7-list-item-label\">Yes<\/span><\/label><\/span><span class=\"wpcf7-list-item last\"><label><input type=\"radio\" name=\"radio-117\" value=\"NO\" \/><span class=\"wpcf7-list-item-label\">NO<\/span><\/label><\/span><\/span><\/span>\n<\/p>\n<p><span class=\"wpcf7-form-control-wrap\" data-name=\"your-message\"><textarea cols=\"40\" rows=\"10\" maxlength=\"2000\" class=\"wpcf7-form-control wpcf7-textarea\" aria-invalid=\"false\" placeholder=\"Message\" name=\"your-message\"><\/textarea><\/span>\n<\/p>\n<p><span class=\"wpcf7-form-control-wrap\" data-name=\"acceptance-674\"><span class=\"wpcf7-form-control wpcf7-acceptance\"><span class=\"wpcf7-list-item\"><label><input type=\"checkbox\" name=\"acceptance-674\" value=\"1\" aria-invalid=\"false\" \/><span class=\"wpcf7-list-item-label\">He le\u00eddo y acepto la <a href=\"\/en\/politica-de-privacidad\/\" target=\"_blank\" rel=\"noopener noreferrer\">Pol\u00edtica de Privacidad<\/a>.<\/span><\/label><\/span><\/span><\/span>\n<\/p>\n<p><input class=\"wpcf7-form-control wpcf7-submit has-spinner button\" type=\"submit\" value=\"Send\" \/>\n<\/p><div class=\"wpcf7-response-output\" aria-hidden=\"true\"><\/div>\n<input type=\"hidden\" name=\"trp-form-language\" value=\"en\"\/><\/form>\n<\/div>\n<div class=\"vc_empty_space\"   style=\"height: 32px\"><span class=\"vc_empty_space_inner\"><\/span><\/div><\/div><\/div><\/div><div class=\"wpb_column vc_column_container vc_col-sm-4\"><div class=\"vc_column-inner\"><div class=\"wpb_wrapper\"><\/div><\/div><\/div><\/div><div class=\"vc_row wpb_row vc_row-fluid\"><div class=\"wpb_column vc_column_container vc_col-sm-12\"><div class=\"vc_column-inner\"><div class=\"wpb_wrapper\"><div class=\"vc_empty_space\"   style=\"height: 32px\"><span class=\"vc_empty_space_inner\"><\/span><\/div><h2 style=\"font-size: 33px;color: #7D9777;text-align: center\" class=\"vc_custom_heading text-center\" >\u00bfPor qu\u00e9 elegir CasaViva?<\/h2>\n\t<div class=\"wpb_text_column wpb_content_element\" >\n\t\t<div class=\"wpb_wrapper\">\n\t\t\t<p style=\"font-size: 20px; font-weight: 300; text-align: center;\">M\u00e1s de 300 hogares en Europa avalan nuestro compromiso con la calidad, la sostenibilidad y la personalizaci\u00f3n.<br \/>\nNuestro m\u00e9todo constructivo modular reduce los plazos, optimiza recursos y se adapta a tu estilo de vida.<\/p>\n\n\t\t<\/div>\n\t<\/div>\n<div class=\"vc_empty_space\"   style=\"height: 32px\"><span class=\"vc_empty_space_inner\"><\/span><\/div><\/div><\/div><\/div><\/div><div class=\"vc_row wpb_row vc_row-fluid\"><div class=\"wpb_column vc_column_container vc_col-sm-12\"><div class=\"vc_column-inner\"><div class=\"wpb_wrapper\">\n\t<div  class=\"wpb_single_image wpb_content_element vc_align_center wpb_content_element\">\n\t\t\n\t\t<figure class=\"wpb_wrapper vc_figure\">\n\t\t\t<div class=\"vc_single_image-wrapper   vc_box_border_grey\"><img loading=\"lazy\" decoding=\"async\" width=\"2126\" height=\"567\" src=\"https:\/\/casavivaproyectos.com\/wp-content\/uploads\/2025\/05\/HEAD-CASA-NOCTURNA.jpg\" class=\"vc_single_image-img attachment-full\" alt=\"\" title=\"HEAD-CASA-NOCTURNA\" srcset=\"https:\/\/casavivaproyectos.com\/wp-content\/uploads\/2025\/05\/HEAD-CASA-NOCTURNA.jpg 2126w, https:\/\/casavivaproyectos.com\/wp-content\/uploads\/2025\/05\/HEAD-CASA-NOCTURNA-800x213.jpg 800w, https:\/\/casavivaproyectos.com\/wp-content\/uploads\/2025\/05\/HEAD-CASA-NOCTURNA-1400x373.jpg 1400w, https:\/\/casavivaproyectos.com\/wp-content\/uploads\/2025\/05\/HEAD-CASA-NOCTURNA-768x205.jpg 768w, https:\/\/casavivaproyectos.com\/wp-content\/uploads\/2025\/05\/HEAD-CASA-NOCTURNA-1536x410.jpg 1536w, https:\/\/casavivaproyectos.com\/wp-content\/uploads\/2025\/05\/HEAD-CASA-NOCTURNA-2048x546.jpg 2048w, https:\/\/casavivaproyectos.com\/wp-content\/uploads\/2025\/05\/HEAD-CASA-NOCTURNA-565x151.jpg 565w, https:\/\/casavivaproyectos.com\/wp-content\/uploads\/2025\/05\/HEAD-CASA-NOCTURNA-510x136.jpg 510w\" sizes=\"auto, (max-width: 2126px) 100vw, 2126px\" \/><\/div>\n\t\t<\/figure>\n\t<\/div>\n<div class=\"vc_empty_space\"   style=\"height: 32px\"><span class=\"vc_empty_space_inner\"><\/span><\/div><\/div><\/div><\/div><\/div><div class=\"vc_row wpb_row vc_row-fluid\"><div class=\"wpb_column vc_column_container vc_col-sm-12\"><div class=\"vc_column-inner\"><div class=\"wpb_wrapper\"><h2 style=\"font-size: 33px;color: #7D9777;text-align: center\" class=\"vc_custom_heading text-center\" >\u201cEl proceso fue claro, r\u00e1pido y el resultado\u2026 \u00a1mucho mejor de lo que esper\u00e1bamos! Gracias CasaViva\u201d<\/h2>\n\t<div class=\"wpb_text_column wpb_content_element\" >\n\t\t<div class=\"wpb_wrapper\">\n\t\t\t<p style=\"text-align: center;\"><em>Marta y Sergio, Alicante<\/em><\/p>\n\n\t\t<\/div>\n\t<\/div>\n<\/div><\/div><\/div><\/div><div class=\"vc_row wpb_row vc_row-fluid\"><div class=\"wpb_column vc_column_container vc_col-sm-12\"><div class=\"vc_column-inner\"><div class=\"wpb_wrapper\"><div class=\"vc_empty_space\"   style=\"height: 32px\"><span class=\"vc_empty_space_inner\"><\/span><\/div><div class=\"vc_btn3-container vc_btn3-center vc_do_btn\" ><a class=\"vc_general vc_btn3 vc_btn3-size-lg vc_btn3-shape-rounded vc_btn3-style-modern vc_btn3-block vc_btn3-color-chino\" href=\"https:\/\/casavivaproyectos.com\/en\/contacto\/\" title=\"Contact Us\">Solicita tu propuesta gratuita<\/a><\/div><\/div><\/div><\/div><\/div>\n<\/div>","protected":false},"excerpt":{"rendered":"\u00bfTu nueva casa en solo 190 d\u00edas? Descubre c\u00f3mo en CasaViva dise\u00f1amos y construimos hogares&hellip;","protected":false},"author":1,"featured_media":0,"parent":0,"menu_order":0,"comment_status":"closed","ping_status":"closed","template":"","meta":{"footnotes":""},"class_list":["post-3767","page","type-page","status-publish","hentry"],"aioseo_notices":[],"_links":{"self":[{"href":"https:\/\/casavivaproyectos.com\/en\/wp-json\/wp\/v2\/pages\/3767","targetHints":{"allow":["GET"]}}],"collection":[{"href":"https:\/\/casavivaproyectos.com\/en\/wp-json\/wp\/v2\/pages"}],"about":[{"href":"https:\/\/casavivaproyectos.com\/en\/wp-json\/wp\/v2\/types\/page"}],"author":[{"embeddable":true,"href":"https:\/\/casavivaproyectos.com\/en\/wp-json\/wp\/v2\/users\/1"}],"replies":[{"embeddable":true,"href":"https:\/\/casavivaproyectos.com\/en\/wp-json\/wp\/v2\/comments?post=3767"}],"version-history":[{"count":7,"href":"https:\/\/casavivaproyectos.com\/en\/wp-json\/wp\/v2\/pages\/3767\/revisions"}],"predecessor-version":[{"id":3774,"href":"https:\/\/casavivaproyectos.com\/en\/wp-json\/wp\/v2\/pages\/3767\/revisions\/3774"}],"wp:attachment":[{"href":"https:\/\/casavivaproyectos.com\/en\/wp-json\/wp\/v2\/media?parent=3767"}],"curies":[{"name":"wp","href":"https:\/\/api.w.org\/{rel}","templated":true}]}}