{"id":3,"date":"2025-03-30T09:11:33","date_gmt":"2025-03-30T09:11:33","guid":{"rendered":"http:\/\/casavivaproyectos.com\/?page_id=3"},"modified":"2025-06-11T16:04:37","modified_gmt":"2025-06-11T16:04:37","slug":"politica-de-privacidad","status":"publish","type":"page","link":"https:\/\/casavivaproyectos.com\/en\/politica-de-privacidad\/","title":{"rendered":"Pol\u00edtica de Privacidad"},"content":{"rendered":"<div class=\"wpb-content-wrapper\"><div class=\"vc_row wpb_row vc_row-fluid\"><div class=\"wpb_column vc_column_container vc_col-sm-12\"><div class=\"vc_column-inner\"><div class=\"wpb_wrapper\">\n\t<div class=\"wpb_text_column wpb_content_element\" >\n\t\t<div class=\"wpb_wrapper\">\n\t\t\t<section id=\"politica-privacidad\">\n<h1>Pol\u00edtica de Privacidad<\/h1>\n<h2>\u00bfQui\u00e9nes somos?<\/h2>\n<p>La direcci\u00f3n de nuestra web es: <a href=\"https:\/\/casavivaproyectos.com\/en\/\" target=\"_blank\" rel=\"noopener noreferrer\">https:\/\/casavivaproyectos.com<\/a>.<\/p>\n<h2>Comentarios<\/h2>\n<p>Cuando los visitantes dejan comentarios en el sitio, recopilamos los datos que se muestran en el formulario, as\u00ed como la IP y el navegador, para detectar spam.<\/p>\n<p>Una cadena anonimizada (hash) de tu correo puede enviarse al servicio Gravatar. Consulta su pol\u00edtica en <a href=\"https:\/\/automattic.com\/privacy\/\" target=\"_blank\" rel=\"noopener noreferrer\">este enlace<\/a>. Una vez aprobado tu comentario, tu imagen ser\u00e1 visible p\u00fablicamente.<\/p>\n<h2>Medios<\/h2>\n<p>Si subes im\u00e1genes, evita incluir datos de ubicaci\u00f3n (EXIF GPS), ya que otros usuarios pueden extraer esa informaci\u00f3n.<\/p>\n<h2>Cookies<\/h2>\n<p>Si comentas, puedes guardar tu nombre, correo y web en cookies para tu comodidad. Estas cookies durar\u00e1n un a\u00f1o.<\/p>\n<p>Si visitas nuestra p\u00e1gina de acceso, se usar\u00e1 una cookie temporal para verificar si tu navegador acepta cookies. No contiene datos personales y se elimina al cerrar el navegador.<\/p>\n<p>Al iniciar sesi\u00f3n, se almacenan cookies de sesi\u00f3n (2 d\u00edas) y preferencias de pantalla (1 a\u00f1o). Al cerrar sesi\u00f3n, estas cookies se eliminan. Si seleccionas \u00abRecordarme\u00bb, el inicio de sesi\u00f3n se mantiene durante 2 semanas.<\/p>\n<p>Al editar o publicar un art\u00edculo, se guardar\u00e1 una cookie sin datos personales para registrar el ID del art\u00edculo. Expira en 1 d\u00eda.<\/p>\n<h2>Contenido de otras webs<\/h2>\n<p>Los art\u00edculos pueden incluir contenido incrustado (v\u00eddeos, im\u00e1genes, etc.) que se comporta como si visitaras directamente esos sitios. Estas webs pueden recopilar tus datos, usar cookies y rastrear tu interacci\u00f3n si tienes una cuenta all\u00ed.<\/p>\n<h2>Con qui\u00e9n compartimos tus datos<\/h2>\n<p>Si solicitas un restablecimiento de contrase\u00f1a, tu direcci\u00f3n IP se incluir\u00e1 en el correo de recuperaci\u00f3n.<\/p>\n<h2>Conservaci\u00f3n de datos<\/h2>\n<p>Los comentarios y sus metadatos se conservan indefinidamente para facilitar la aprobaci\u00f3n de futuras publicaciones.<\/p>\n<p>Si te registras (si esta funci\u00f3n est\u00e1 disponible), se almacena tu informaci\u00f3n personal en tu perfil. Puedes editar o eliminar tus datos en cualquier momento (excepto el nombre de usuario). Los administradores tambi\u00e9n pueden modificarlos.<\/p>\n<h2>Tus derechos sobre tus datos<\/h2>\n<p>Puedes solicitar un archivo con tus datos personales o pedir su eliminaci\u00f3n. Esto no incluye los datos obligatorios por razones legales, administrativas o de seguridad.<\/p>\n<h2>Destino de tus datos<\/h2>\n<p>Los comentarios de los usuarios pueden ser verificados por un servicio autom\u00e1tico de detecci\u00f3n de spam.<\/p>\n<h2>Formularios de contacto<\/h2>\n<p>Cuando los usuarios completan un formulario de contacto en nuestra web, recopilamos los datos que introducen (como nombre, correo electr\u00f3nico, tel\u00e9fono o mensaje) con el \u00fanico prop\u00f3sito de dar respuesta a su consulta o solicitud.<\/p>\n<p>Estos datos no se utilizan con fines comerciales ni se comparten con terceros, salvo que el usuario haya dado consentimiento expl\u00edcito o sea necesario para la prestaci\u00f3n de un servicio solicitado. Conservamos los formularios recibidos durante un tiempo limitado solo con fines de servicio al cliente, pero no utilizamos la informaci\u00f3n enviada para acciones de marketing sin consentimiento previo.<\/p>\n<h2>Publicidad y campa\u00f1as en redes sociales<\/h2>\n<p>Utilizamos plataformas como Google Ads, Facebook Ads e Instagram Ads para promocionar nuestros productos y servicios. Estas plataformas pueden recopilar informaci\u00f3n sobre tus h\u00e1bitos de navegaci\u00f3n mediante cookies u otras tecnolog\u00edas de seguimiento, incluso si no haces clic en nuestros anuncios.<\/p>\n<p>Estas herramientas pueden mostrarte anuncios relacionados con nuestros productos bas\u00e1ndose en tus intereses o actividad previa. El tratamiento de esta informaci\u00f3n est\u00e1 sujeto a las pol\u00edticas de privacidad de cada plataforma:<\/p>\n<ul>\n<li><a href=\"https:\/\/policies.google.com\/privacy\" target=\"_blank\" rel=\"noopener noreferrer\">Pol\u00edtica de Privacidad de Google<\/a><\/li>\n<li><a href=\"https:\/\/www.facebook.com\/policy.php\" target=\"_blank\" rel=\"noopener noreferrer\">Pol\u00edtica de Privacidad de Facebook e Instagram<\/a><\/li>\n<\/ul>\n<p>En cualquier momento puedes gestionar tus preferencias de anuncios desde la configuraci\u00f3n de cada red social o desde tu navegador, as\u00ed como bloquear las cookies desde nuestro banner de consentimiento.<\/p>\n<h2>Uso de herramientas de an\u00e1lisis y seguimiento<\/h2>\n<p>Nuestra web utiliza herramientas de an\u00e1lisis como <strong>Google Analytics<\/strong> y <strong>Meta Pixel (Facebook Pixel)<\/strong> para entender el comportamiento de los usuarios y mejorar su experiencia. Estas herramientas recopilan datos an\u00f3nimos como p\u00e1ginas visitadas, tiempo de navegaci\u00f3n, tipo de dispositivo, y ubicaci\u00f3n aproximada.<\/p>\n<p>Google Analytics es un servicio de an\u00e1lisis web prestado por Google, Inc. La informaci\u00f3n generada por las cookies sobre el uso de la web (incluyendo la direcci\u00f3n IP del usuario) ser\u00e1 transmitida y almacenada por Google en servidores en Estados Unidos. Puedes obtener m\u00e1s informaci\u00f3n en su <a href=\"https:\/\/policies.google.com\/privacy\" target=\"_blank\" rel=\"noopener noreferrer\">Pol\u00edtica de Privacidad<\/a>.<\/p>\n<p>Meta Pixel nos permite realizar un seguimiento de las conversiones y crear audiencias personalizadas en campa\u00f1as de Facebook e Instagram. M\u00e1s informaci\u00f3n disponible en la <a href=\"https:\/\/www.facebook.com\/privacy\/policy\/\" target=\"_blank\" rel=\"noopener noreferrer\">Pol\u00edtica de Privacidad de Meta<\/a>.<\/p>\n<h2>Uso de cookies<\/h2>\n<p>Este sitio web utiliza cookies propias y de terceros para fines t\u00e9cnicos, anal\u00edticos y publicitarios. Al navegar por nuestra web, aceptas el uso de estas cookies, salvo que modifiques la configuraci\u00f3n desde tu navegador o a trav\u00e9s de nuestro <strong>banner de consentimiento de cookies<\/strong>.<\/p>\n<p>Puedes obtener informaci\u00f3n detallada y gestionar tus preferencias desde nuestra <a href=\"\/en\/politica-de-cookies\/\">Pol\u00edtica de Cookies<\/a>.<\/p>\n<h3>Gesti\u00f3n del consentimiento<\/h3>\n<p>Al ingresar a nuestro sitio, se muestra un aviso de cookies que te permite aceptar, rechazar o personalizar las cookies que se almacenar\u00e1n en tu dispositivo. Este sistema garantiza que se respete tu consentimiento antes de cargar cualquier cookie no esencial.<\/p>\n<\/section>\n\n\t\t<\/div>\n\t<\/div>\n<\/div><\/div><\/div><\/div>\n<\/div>","protected":false},"excerpt":{"rendered":"Pol\u00edtica de Privacidad \u00bfQui\u00e9nes somos? La direcci\u00f3n de nuestra web es: https:\/\/casavivaproyectos.com. Comentarios Cuando los&hellip;","protected":false},"author":1,"featured_media":0,"parent":0,"menu_order":0,"comment_status":"closed","ping_status":"open","template":"","meta":{"footnotes":""},"class_list":["post-3","page","type-page","status-publish","hentry"],"aioseo_notices":[],"_links":{"self":[{"href":"https:\/\/casavivaproyectos.com\/en\/wp-json\/wp\/v2\/pages\/3","targetHints":{"allow":["GET"]}}],"collection":[{"href":"https:\/\/casavivaproyectos.com\/en\/wp-json\/wp\/v2\/pages"}],"about":[{"href":"https:\/\/casavivaproyectos.com\/en\/wp-json\/wp\/v2\/types\/page"}],"author":[{"embeddable":true,"href":"https:\/\/casavivaproyectos.com\/en\/wp-json\/wp\/v2\/users\/1"}],"replies":[{"embeddable":true,"href":"https:\/\/casavivaproyectos.com\/en\/wp-json\/wp\/v2\/comments?post=3"}],"version-history":[{"count":5,"href":"https:\/\/casavivaproyectos.com\/en\/wp-json\/wp\/v2\/pages\/3\/revisions"}],"predecessor-version":[{"id":3790,"href":"https:\/\/casavivaproyectos.com\/en\/wp-json\/wp\/v2\/pages\/3\/revisions\/3790"}],"wp:attachment":[{"href":"https:\/\/casavivaproyectos.com\/en\/wp-json\/wp\/v2\/media?parent=3"}],"curies":[{"name":"wp","href":"https:\/\/api.w.org\/{rel}","templated":true}]}}